{"id":13,"date":"2016-04-14T02:52:15","date_gmt":"2016-04-14T02:52:15","guid":{"rendered":"http:\/\/frsomblumenau.com.br\/site\/?page_id=13"},"modified":"2023-10-15T02:39:01","modified_gmt":"2023-10-15T02:39:01","slug":"corporativos","status":"publish","type":"page","link":"https:\/\/frsomblumenau.com.br\/site\/corporativos\/","title":{"rendered":"Corporativos"},"content":{"rendered":"<p>[vc_row][vc_column]<style type=\"text\/css\" data-type=\"the7_shortcodes-inline-css\">.gallery-carousel-shortcode.gallery-carousel-shortcode-id-7301d89181d3eb618e7e2c28e4987fdd .owl-nav a {\n  width: 36px;\n  height: 36px;\n  border-radius: 500px;\n}\n.dt-arrow-border-on.gallery-carousel-shortcode.gallery-carousel-shortcode-id-7301d89181d3eb618e7e2c28e4987fdd .owl-nav a:not(:hover):before {\n  border-width: 0px;\n}\n.dt-arrow-hover-border-on.gallery-carousel-shortcode.gallery-carousel-shortcode-id-7301d89181d3eb618e7e2c28e4987fdd .owl-nav a:hover:after {\n  border-width: 0px;\n}\n.gallery-carousel-shortcode.gallery-carousel-shortcode-id-7301d89181d3eb618e7e2c28e4987fdd .owl-nav a.owl-prev {\n  top: 50%;\n  transform: translateY(calc(-50% + 0px));\n  left: -43px;\n}\n@media all and (-ms-high-contrast: none) {\n  .gallery-carousel-shortcode.gallery-carousel-shortcode-id-7301d89181d3eb618e7e2c28e4987fdd .owl-nav a.owl-prev {\n    transform: translateY(-50%);\n    margin-top: 0px;\n  }\n}\n.gallery-carousel-shortcode.gallery-carousel-shortcode-id-7301d89181d3eb618e7e2c28e4987fdd .owl-nav a.owl-prev i {\n  padding: 0px 0px 0px 0px;\n}\n.gallery-carousel-shortcode.gallery-carousel-shortcode-id-7301d89181d3eb618e7e2c28e4987fdd .owl-nav a.owl-next {\n  top: 50%;\n  transform: translateY(calc(-50% + 0px));\n  right: -43px;\n}\n@media all and (-ms-high-contrast: none) {\n  .gallery-carousel-shortcode.gallery-carousel-shortcode-id-7301d89181d3eb618e7e2c28e4987fdd .owl-nav a.owl-next {\n    transform: translateY(-50%);\n    margin-top: 0px;\n  }\n}\n.gallery-carousel-shortcode.gallery-carousel-shortcode-id-7301d89181d3eb618e7e2c28e4987fdd .owl-nav a.owl-next i {\n  padding: 0px 0px 0px 0px;\n}\n.gallery-carousel-shortcode.gallery-carousel-shortcode-id-7301d89181d3eb618e7e2c28e4987fdd .owl-nav i {\n  font-size: 18px;\n}\n.gallery-carousel-shortcode.gallery-carousel-shortcode-id-7301d89181d3eb618e7e2c28e4987fdd .owl-nav a:not(:hover) i,\n.gallery-carousel-shortcode.gallery-carousel-shortcode-id-7301d89181d3eb618e7e2c28e4987fdd .owl-nav a:not(:hover) i:before {\n  color: #ffffff;\n  background: none;\n}\n.gallery-carousel-shortcode.gallery-carousel-shortcode-id-7301d89181d3eb618e7e2c28e4987fdd .owl-nav a:hover i,\n.gallery-carousel-shortcode.gallery-carousel-shortcode-id-7301d89181d3eb618e7e2c28e4987fdd .owl-nav a:hover i:before {\n  color: rgba(255,255,255,0.75);\n  background: none;\n}\n.gallery-carousel-shortcode.gallery-carousel-shortcode-id-7301d89181d3eb618e7e2c28e4987fdd .owl-dots {\n  top: calc(100% + 20px);\n  left: 50%;\n  transform: translateX(calc(-50% + 0px));\n}\n@media all and (-ms-high-contrast: none) {\n  .gallery-carousel-shortcode.gallery-carousel-shortcode-id-7301d89181d3eb618e7e2c28e4987fdd .owl-dots {\n    transform: translateX(-50%);\n    margin-left: 0px;\n  }\n}\n.gallery-carousel-shortcode.gallery-carousel-shortcode-id-7301d89181d3eb618e7e2c28e4987fdd .owl-dot {\n  width: 10px;\n  height: 10px;\n  margin: 0 8px;\n}\n@media screen and (max-width: 778px) {\n  .gallery-carousel-shortcode.gallery-carousel-shortcode-id-7301d89181d3eb618e7e2c28e4987fdd.hide-arrows .owl-nav a {\n    display: none;\n  }\n}\n@media screen and (max-width: 778px) {\n  .gallery-carousel-shortcode.gallery-carousel-shortcode-id-7301d89181d3eb618e7e2c28e4987fdd.reposition-arrows .owl-nav .owl-prev {\n    top: 50%;\n    transform: translateY(calc(-50% + 0px));\n    left: 10px;\n  }\n  .gallery-carousel-shortcode.gallery-carousel-shortcode-id-7301d89181d3eb618e7e2c28e4987fdd.reposition-arrows .owl-nav .owl-next {\n    top: 50%;\n    transform: translateY(calc(-50% + 0px));\n    right: 10px;\n  }\n}\n@media screen and (max-width: 778px) and all and (-ms-high-contrast: none) {\n  .gallery-carousel-shortcode.gallery-carousel-shortcode-id-7301d89181d3eb618e7e2c28e4987fdd.reposition-arrows .owl-nav .owl-prev {\n    transform: translateY(-50%);\n    margin-top: 0px;\n  }\n}\n@media screen and (max-width: 778px) and all and (-ms-high-contrast: none) {\n  .gallery-carousel-shortcode.gallery-carousel-shortcode-id-7301d89181d3eb618e7e2c28e4987fdd.reposition-arrows .owl-nav .owl-next {\n    transform: translateY(-50%);\n    margin-top: 0px;\n  }\n}\n.gallery-carousel-shortcode.gallery-carousel-shortcode-id-7301d89181d3eb618e7e2c28e4987fdd figure,\n.gallery-carousel-shortcode.gallery-carousel-shortcode-id-7301d89181d3eb618e7e2c28e4987fdd .rollover,\n.gallery-carousel-shortcode.gallery-carousel-shortcode-id-7301d89181d3eb618e7e2c28e4987fdd img,\n.gallery-carousel-shortcode.gallery-carousel-shortcode-id-7301d89181d3eb618e7e2c28e4987fdd .gallery-rollover {\n  border-radius: 0px;\n}\n.gallery-carousel-shortcode.gallery-carousel-shortcode-id-7301d89181d3eb618e7e2c28e4987fdd.enable-bg-rollover .gallery-rollover {\n  background: -webkit-linear-gradient();\n  background: linear-gradient();\n}\n.gallery-carousel-shortcode.gallery-carousel-shortcode-id-7301d89181d3eb618e7e2c28e4987fdd.enable-img-shadow .owl-stage-outer {\n  padding: 14px 0;\n}\n.gallery-carousel-shortcode.gallery-carousel-shortcode-id-7301d89181d3eb618e7e2c28e4987fdd.enable-bg-rollover.hover-scale figure .rollover:after {\n  background: -webkit-linear-gradient();\n  background: linear-gradient();\n}\n.gallery-carousel-shortcode.gallery-carousel-shortcode-id-7301d89181d3eb618e7e2c28e4987fdd.gallery-shortcode .gallery-zoom-ico {\n  width: 44px;\n  height: 44px;\n  line-height: 44px;\n  border-radius: 100px;\n  margin: -22px 0 0 -22px;\n  border-width: 0px;\n}\n.dt-icon-bg-on.gallery-carousel-shortcode.gallery-carousel-shortcode-id-7301d89181d3eb618e7e2c28e4987fdd.gallery-shortcode .gallery-zoom-ico {\n  background: rgba(255,255,255,0.3);\n  box-shadow: none;\n}\n.gallery-carousel-shortcode.gallery-carousel-shortcode-id-7301d89181d3eb618e7e2c28e4987fdd.gallery-shortcode .gallery-zoom-ico:before,\n.gallery-carousel-shortcode.gallery-carousel-shortcode-id-7301d89181d3eb618e7e2c28e4987fdd.gallery-shortcode .gallery-zoom-ico span {\n  font-size: 32px;\n  line-height: 44px;\n  color: #ffffff;\n  background: none;\n}\n<\/style><div class=\"owl-carousel gallery-carousel-shortcode gallery-shortcode  dt-gallery-container dt-owl-carousel-call gallery-carousel-shortcode-id-7301d89181d3eb618e7e2c28e4987fdd quick-scale-img enable-bg-rollover meta-info-off dt-arrow-border-on dt-arrow-hover-border-on bullets-small-dot-stroke reposition-arrows dt-icon-bg-off arrows-bg-on disable-arrows-hover-bg arrows-hover-bg-on  hover-fade \" data-scroll-mode=\"1\" data-col-num=\"6\" data-wide-col-num=\"6\" data-laptop-col=\"5\" data-h-tablet-columns-num=\"4\" data-v-tablet-columns-num=\"3\" data-phone-columns-num=\"1\" data-col-gap=\"10\" data-stage-padding=\"0\" data-speed=\"600\" data-autoplay=\"false\" data-autoplay_speed=\"6000\" data-arrows=\"true\" data-bullet=\"false\" data-next-icon=\"icon-ar-017-r\" data-prev-icon=\"icon-ar-017-l\" data-img-shadow-size=\"12px\" data-img-shadow-spread=\"3px\"><div data-post-id=\"212\" data-date=\"2016-05-04T11:22:34+00:00\" data-name=\"FESTA COM DJ\"><figure class=\"post\"><a href=\"https:\/\/frsomblumenau.com.br\/site\/wp-content\/uploads\/2016\/05\/tvs.jpg\" class=\"rollover dt-pswp-item layzr-bg\" data-large_image_width=\"900\" data-large_image_height=\"499\" data-dt-img-description=\"\" title=\"FESTA COM DJ\"><img fetchpriority=\"high\" decoding=\"async\" class=\"preload-me owl-lazy-load aspect\" src=\"data:image\/svg+xml,%3Csvg%20xmlns%3D&#39;http%3A%2F%2Fwww.w3.org%2F2000%2Fsvg&#39;%20viewBox%3D&#39;0%200%20499%20499&#39;%2F%3E\" data-src=\"https:\/\/frsomblumenau.com.br\/site\/wp-content\/uploads\/2016\/05\/tvs-499x499.jpg\" data-srcset=\"https:\/\/frsomblumenau.com.br\/site\/wp-content\/uploads\/2016\/05\/tvs-499x499.jpg 499w\" loading=\"eager\" style=\"--ratio: 499 \/ 499\" sizes=\"(max-width: 499px) 100vw, 499px\" alt=\"\" width=\"499\" height=\"499\"  \/><span class=\"gallery-rollover\"><span class=\"gallery-zoom-ico icomoon-the7-font-the7-zoom-06\"><span><\/span><\/span><\/span><\/a><\/figure><\/div><div data-post-id=\"205\" data-date=\"2016-05-04T11:12:17+00:00\" data-name=\"FORMATURA FURB MEDICINA\"><figure class=\"post\"><a href=\"https:\/\/frsomblumenau.com.br\/site\/wp-content\/uploads\/2016\/05\/FORMATURA-FURB-MEDICINA.jpg\" class=\"rollover dt-pswp-item layzr-bg\" data-large_image_width=\"900\" data-large_image_height=\"599\" data-dt-img-description=\"\" title=\"FORMATURA FURB MEDICINA\"><img decoding=\"async\" class=\"preload-me owl-lazy-load aspect\" src=\"data:image\/svg+xml,%3Csvg%20xmlns%3D&#39;http%3A%2F%2Fwww.w3.org%2F2000%2Fsvg&#39;%20viewBox%3D&#39;0%200%20599%20599&#39;%2F%3E\" data-src=\"https:\/\/frsomblumenau.com.br\/site\/wp-content\/uploads\/2016\/05\/FORMATURA-FURB-MEDICINA-599x599.jpg\" data-srcset=\"https:\/\/frsomblumenau.com.br\/site\/wp-content\/uploads\/2016\/05\/FORMATURA-FURB-MEDICINA-599x599.jpg 599w\" loading=\"eager\" style=\"--ratio: 599 \/ 599\" sizes=\"(max-width: 599px) 100vw, 599px\" alt=\"\" width=\"599\" height=\"599\"  \/><span class=\"gallery-rollover\"><span class=\"gallery-zoom-ico icomoon-the7-font-the7-zoom-06\"><span><\/span><\/span><\/span><\/a><\/figure><\/div><div data-post-id=\"213\" data-date=\"2016-05-04T11:22:39+00:00\" data-name=\"FESTA COM PAGODEIROS\"><figure class=\"post\"><a href=\"https:\/\/frsomblumenau.com.br\/site\/wp-content\/uploads\/2016\/05\/LOCA\u00c7AO-PARA-GRUPOS-DE-PAGODES.jpg\" class=\"rollover dt-pswp-item layzr-bg\" data-large_image_width=\"900\" data-large_image_height=\"598\" data-dt-img-description=\"\" title=\"FESTA COM PAGODEIROS\"><img decoding=\"async\" class=\"preload-me owl-lazy-load aspect\" src=\"data:image\/svg+xml,%3Csvg%20xmlns%3D&#39;http%3A%2F%2Fwww.w3.org%2F2000%2Fsvg&#39;%20viewBox%3D&#39;0%200%20598%20598&#39;%2F%3E\" data-src=\"https:\/\/frsomblumenau.com.br\/site\/wp-content\/uploads\/2016\/05\/LOCA\u00c7AO-PARA-GRUPOS-DE-PAGODES-598x598.jpg\" data-srcset=\"https:\/\/frsomblumenau.com.br\/site\/wp-content\/uploads\/2016\/05\/LOCA\u00c7AO-PARA-GRUPOS-DE-PAGODES-598x598.jpg 598w\" loading=\"eager\" style=\"--ratio: 598 \/ 598\" sizes=\"(max-width: 598px) 100vw, 598px\" alt=\"\" width=\"598\" height=\"598\"  \/><span class=\"gallery-rollover\"><span class=\"gallery-zoom-ico icomoon-the7-font-the7-zoom-06\"><span><\/span><\/span><\/span><\/a><\/figure><\/div><div data-post-id=\"214\" data-date=\"2016-05-04T11:22:41+00:00\" data-name=\"SHOW XERIFE&#039;S MUSIC BAR\"><figure class=\"post\"><a href=\"https:\/\/frsomblumenau.com.br\/site\/wp-content\/uploads\/2016\/05\/LOCA\u00c7AO-SOM-E-LUZES.jpg\" class=\"rollover dt-pswp-item layzr-bg\" data-large_image_width=\"900\" data-large_image_height=\"675\" data-dt-img-description=\"\" title=\"SHOW XERIFE&#8217;S MUSIC BAR\"><img decoding=\"async\" class=\"preload-me owl-lazy-load aspect\" src=\"data:image\/svg+xml,%3Csvg%20xmlns%3D&#39;http%3A%2F%2Fwww.w3.org%2F2000%2Fsvg&#39;%20viewBox%3D&#39;0%200%20675%20675&#39;%2F%3E\" data-src=\"https:\/\/frsomblumenau.com.br\/site\/wp-content\/uploads\/2016\/05\/LOCA\u00c7AO-SOM-E-LUZES-675x675.jpg\" data-srcset=\"https:\/\/frsomblumenau.com.br\/site\/wp-content\/uploads\/2016\/05\/LOCA\u00c7AO-SOM-E-LUZES-675x675.jpg 675w\" loading=\"eager\" style=\"--ratio: 675 \/ 675\" sizes=\"(max-width: 675px) 100vw, 675px\" alt=\"\" width=\"675\" height=\"675\"  \/><span class=\"gallery-rollover\"><span class=\"gallery-zoom-ico icomoon-the7-font-the7-zoom-06\"><span><\/span><\/span><\/span><\/a><\/figure><\/div><\/div>[vc_empty_space][\/vc_column][\/vc_row][vc_row][vc_column][vc_column_text]<\/p>\n<p style=\"text-align: justify;\">Transforme Seus Eventos Corporativos em Experi\u00eancias Memor\u00e1veis com a FR Eventos<\/p>\n<p style=\"text-align: justify;\">Na FR Eventos, entendemos que cada evento corporativo \u00e9 uma oportunidade valiosa para impulsionar conex\u00f5es, cultivar relacionamentos e impulsionar o crescimento. Com mais de uma d\u00e9cada de experi\u00eancia, somos especialistas em criar projetos personalizados para uma variedade de eventos corporativos, desde confraterniza\u00e7\u00f5es de empresas at\u00e9 conven\u00e7\u00f5es, congressos, palestras, inaugura\u00e7\u00f5es, workshops, semin\u00e1rios, feiras, desfiles e promo\u00e7\u00f5es de produtos e servi\u00e7os.<\/p>\n<p style=\"text-align: justify;\">Compreendemos a import\u00e2ncia de transmitir a mensagem certa no ambiente corporativo. Nossos servi\u00e7os abrangem desde consultoria de som e ilumina\u00e7\u00e3o at\u00e9 recursos audiovisuais de \u00faltima gera\u00e7\u00e3o, garantindo que sua narrativa empresarial seja apresentada com clareza e impacto. Com uma equipe dedicada e equipamentos de ponta, criamos uma atmosfera profissional e envolvente que eleva a experi\u00eancia de qualquer evento corporativo.<\/p>\n<p style=\"text-align: justify;\">Al\u00e9m disso, oferecemos solu\u00e7\u00f5es inovadoras, incluindo Carro de Som de Rua &#8211; Propaganda Volante, para ajudar a ampliar o alcance da sua mensagem e garantir que sua marca seja ouvida em todos os lugares certos. Estamos comprometidos em ajudar sua empresa a alcan\u00e7ar novos patamares, fortalecendo conex\u00f5es e solidificando sua presen\u00e7a no mercado.<\/p>\n<p style=\"text-align: justify;\">Localizados estrategicamente no cora\u00e7\u00e3o do Vale do Itaja\u00ed, atendemos com orgulho empresas em toda a regi\u00e3o e al\u00e9m. Com a FR Eventos, seu evento corporativo se transformar\u00e1 em uma experi\u00eancia memor\u00e1vel que deixar\u00e1 uma impress\u00e3o duradoura em seus colaboradores, parceiros e clientes.<\/p>\n<p style=\"text-align: justify;\">Entre em contato conosco hoje mesmo e descubra como podemos transformar seus eventos corporativos em momentos que impulsionam o sucesso empresarial. Com a FR Eventos, sua narrativa corporativa ganhar\u00e1 vida e sua empresa se destacar\u00e1 em um mundo de neg\u00f3cios em constante evolu\u00e7\u00e3o. Afinal, cada evento \u00e9 uma oportunidade \u00fanica &#8211; deixe-nos ajud\u00e1-lo a aproveit\u00e1-la ao m\u00e1ximo.<\/p>\n<h3 style=\"text-align: justify;\"><span style=\"color: #ff0000;\"><a href=\"http:\/\/frsomblumenau.com.br\/site\/fale-conosco\/\">Clique e Solicite Or\u00e7amento Agora!<\/a><\/span><\/h3>\n<p>[\/vc_column_text][\/vc_column][\/vc_row]<\/p>\n","protected":false},"excerpt":{"rendered":"<p>[vc_row][vc_column][vc_empty_space][\/vc_column][\/vc_row][vc_row][vc_column][vc_column_text] Transforme Seus Eventos Corporativos em Experi\u00eancias Memor\u00e1veis com a FR Eventos Na FR Eventos, entendemos que cada evento corporativo \u00e9 uma oportunidade valiosa para impulsionar conex\u00f5es, cultivar relacionamentos e impulsionar o crescimento. Com mais de uma d\u00e9cada de experi\u00eancia, somos especialistas em criar projetos personalizados para uma variedade de eventos corporativos, desde confraterniza\u00e7\u00f5es de&hellip;<\/p>\n","protected":false},"author":1,"featured_media":0,"parent":0,"menu_order":20,"comment_status":"open","ping_status":"closed","template":"","meta":{"_seopress_robots_primary_cat":"","_seopress_titles_title":"","_seopress_titles_desc":"","_seopress_robots_index":"","footnotes":""},"_links":{"self":[{"href":"https:\/\/frsomblumenau.com.br\/site\/wp-json\/wp\/v2\/pages\/13"}],"collection":[{"href":"https:\/\/frsomblumenau.com.br\/site\/wp-json\/wp\/v2\/pages"}],"about":[{"href":"https:\/\/frsomblumenau.com.br\/site\/wp-json\/wp\/v2\/types\/page"}],"author":[{"embeddable":true,"href":"https:\/\/frsomblumenau.com.br\/site\/wp-json\/wp\/v2\/users\/1"}],"replies":[{"embeddable":true,"href":"https:\/\/frsomblumenau.com.br\/site\/wp-json\/wp\/v2\/comments?post=13"}],"version-history":[{"count":13,"href":"https:\/\/frsomblumenau.com.br\/site\/wp-json\/wp\/v2\/pages\/13\/revisions"}],"predecessor-version":[{"id":708,"href":"https:\/\/frsomblumenau.com.br\/site\/wp-json\/wp\/v2\/pages\/13\/revisions\/708"}],"wp:attachment":[{"href":"https:\/\/frsomblumenau.com.br\/site\/wp-json\/wp\/v2\/media?parent=13"}],"curies":[{"name":"wp","href":"https:\/\/api.w.org\/{rel}","templated":true}]}}