{"id":38,"date":"2016-04-14T03:02:57","date_gmt":"2016-04-14T03:02:57","guid":{"rendered":"http:\/\/frsomblumenau.com.br\/site\/?page_id=38"},"modified":"2023-10-12T19:35:27","modified_gmt":"2023-10-12T19:35:27","slug":"quem-somos","status":"publish","type":"page","link":"https:\/\/frsomblumenau.com.br\/site\/quem-somos\/","title":{"rendered":"Quem Somos"},"content":{"rendered":"<p>[vc_row][vc_column][vc_single_image image=&#8221;518&#8243; img_size=&#8221;full&#8221;][vc_column_text]<\/p>\n<p style=\"text-align: justify;\">Em Blumenau, ber\u00e7o da tradi\u00e7\u00e3o e da inova\u00e7\u00e3o, reside a m\u00e1gica da FR Sonoriza\u00e7\u00e3o. Somos mais do que uma empresa de sonoriza\u00e7\u00e3o e ilumina\u00e7\u00e3o; somos os arquitetos dos momentos que voc\u00ea sempre sonhou. Nossa miss\u00e3o \u00e9 elevar a arte de eventos sociais e corporativos a patamares que voc\u00ea jamais imaginou.<\/p>\n<p style=\"text-align: justify;\">Imagine um cen\u00e1rio onde cada nota de m\u00fasica \u00e9 como um sussurro de emo\u00e7\u00e3o, cada feixe de luz \u00e9 um raio de encanto. Na FR Sonoriza\u00e7\u00e3o, transformamos sua vis\u00e3o em realidade. Nossos equipamentos de som e ilumina\u00e7\u00e3o de \u00faltima gera\u00e7\u00e3o s\u00e3o a paleta de um pintor, e nossos profissionais s\u00e3o os artistas que transformam sua ocasi\u00e3o em uma obra-prima viva.<\/p>\n<p style=\"text-align: justify;\">Casamentos, festas de debutantes, desfiles, feiras, palestras &#8211; n\u00e3o h\u00e1 limite para o que podemos criar. Somos os mestres da sonoriza\u00e7\u00e3o e ilumina\u00e7\u00e3o para bandas, o curador de uma noite de Flashback tem\u00e1tico e o comandante de DJs com repert\u00f3rios variados que fazem todos dan\u00e7ar at\u00e9 o amanhecer.<\/p>\n<p style=\"text-align: justify;\">E para os empreendedores, oferecemos a magia da propaganda de rua volante &#8211; uma maneira impactante de contar sua hist\u00f3ria nas ruas de Santa Catarina.<\/p>\n<p style=\"text-align: justify;\">Nossa paix\u00e3o por eventos transcende fronteiras, e \u00e9 por isso que atendemos todo o estado de Santa Catarina. Afinal, somos mais do que uma empresa; somos a trilha sonora da sua vida, o brilho nos seus olhos, e a batida do seu cora\u00e7\u00e3o.<\/p>\n<p style=\"text-align: justify;\">Com a FR Sonoriza\u00e7\u00e3o, o Brasil dan\u00e7a com a gente. Agora, \u00e9 a sua vez de dar o primeiro passo para a experi\u00eancia que voc\u00ea sempre sonhou. Transforme eventos em mem\u00f3rias inesquec\u00edveis &#8211; contate-nos hoje e descubra o que \u00e9 poss\u00edvel quando a paix\u00e3o encontra a tecnologia de ponta. Estamos prontos para fazer hist\u00f3ria com voc\u00ea.<\/p>\n<p>[\/vc_column_text][\/vc_column][\/vc_row]<\/p>\n","protected":false},"excerpt":{"rendered":"<p>[vc_row][vc_column][vc_single_image image=&#8221;518&#8243; img_size=&#8221;full&#8221;][vc_column_text] Em Blumenau, ber\u00e7o da tradi\u00e7\u00e3o e da inova\u00e7\u00e3o, reside a m\u00e1gica da FR Sonoriza\u00e7\u00e3o. Somos mais do que uma empresa de sonoriza\u00e7\u00e3o e ilumina\u00e7\u00e3o; somos os arquitetos dos momentos que voc\u00ea sempre sonhou. Nossa miss\u00e3o \u00e9 elevar a arte de eventos sociais e corporativos a patamares que voc\u00ea jamais imaginou. Imagine um&hellip;<\/p>\n","protected":false},"author":1,"featured_media":0,"parent":0,"menu_order":0,"comment_status":"open","ping_status":"closed","template":"","meta":{"_seopress_robots_primary_cat":"","_seopress_titles_title":"","_seopress_titles_desc":"","_seopress_robots_index":"","footnotes":""},"_links":{"self":[{"href":"https:\/\/frsomblumenau.com.br\/site\/wp-json\/wp\/v2\/pages\/38"}],"collection":[{"href":"https:\/\/frsomblumenau.com.br\/site\/wp-json\/wp\/v2\/pages"}],"about":[{"href":"https:\/\/frsomblumenau.com.br\/site\/wp-json\/wp\/v2\/types\/page"}],"author":[{"embeddable":true,"href":"https:\/\/frsomblumenau.com.br\/site\/wp-json\/wp\/v2\/users\/1"}],"replies":[{"embeddable":true,"href":"https:\/\/frsomblumenau.com.br\/site\/wp-json\/wp\/v2\/comments?post=38"}],"version-history":[{"count":10,"href":"https:\/\/frsomblumenau.com.br\/site\/wp-json\/wp\/v2\/pages\/38\/revisions"}],"predecessor-version":[{"id":665,"href":"https:\/\/frsomblumenau.com.br\/site\/wp-json\/wp\/v2\/pages\/38\/revisions\/665"}],"wp:attachment":[{"href":"https:\/\/frsomblumenau.com.br\/site\/wp-json\/wp\/v2\/media?parent=38"}],"curies":[{"name":"wp","href":"https:\/\/api.w.org\/{rel}","templated":true}]}}