{"id":41,"date":"2016-04-14T03:03:38","date_gmt":"2016-04-14T03:03:38","guid":{"rendered":"http:\/\/frsomblumenau.com.br\/site\/?page_id=41"},"modified":"2026-02-23T10:58:47","modified_gmt":"2026-02-23T10:58:47","slug":"servicos","status":"publish","type":"page","link":"https:\/\/frsomblumenau.com.br\/site\/servicos\/","title":{"rendered":"Servi\u00e7os"},"content":{"rendered":"<p>[vc_row][vc_column width=&#8221;1\/3&#8243;][vc_single_image image=&#8221;651&#8243; img_size=&#8221;full&#8221; style=&#8221;vc_box_rounded&#8221; onclick=&#8221;custom_link&#8221; link=&#8221;https:\/\/frsomblumenau.com.br\/site\/casamentos\/&#8221; title=&#8221;Casamento&#8221;][vc_column_text]<\/p>\n<p style=\"text-align: justify\">Nos dias de hoje \u00e9 cada vez mais comum encontrar um profissional DJ para casamento no comando das festas pelo mundo afora, e este fato \u00e9 facilmente explicado. A contrata\u00e7\u00e3o de m\u00fasica mec\u00e2nica torna a festa mais din\u00e2mica e expande o universo musical de forma ilimitada. O surgimento de novas tecnologias para discotecagem e as novas m\u00eddias de armazenamento de m\u00fasicas, auxiliaram na populariza\u00e7\u00e3o deste tipo de sonoriza\u00e7\u00e3o nas festas de casamento em todas as camadas sociais.<\/p>\n<p>[\/vc_column_text][vc_btn title=&#8221;Saiba mais&#8221; link=&#8221;url:https%3A%2F%2Ffrsomblumenau.com.br%2Fsite%2Fcasamentos%2F|||&#8221;][\/vc_column][vc_column width=&#8221;1\/3&#8243;][vc_single_image image=&#8221;522&#8243; img_size=&#8221;full&#8221; style=&#8221;vc_box_rounded&#8221; onclick=&#8221;custom_link&#8221; link=&#8221;https:\/\/frsomblumenau.com.br\/site\/aniversarios-debutantes\/&#8221; title=&#8221;Formatura&#8221;][vc_column_text]<\/p>\n<p style=\"text-align: justify\">Celebre a Conquista com Estilo e Alegria ao Som da FR Som e Eventos<\/p>\n<p style=\"text-align: justify\">A formatura \u00e9 um marco inesquec\u00edvel na vida de todos os formandos, familiares e convidados. Na FR Som e Eventos, entendemos a import\u00e2ncia de tornar esse momento \u00fanico e memor\u00e1vel. Com anos de experi\u00eancia na condu\u00e7\u00e3o de eventos especiais, estamos comprometidos em elevar o esp\u00edrito de celebra\u00e7\u00e3o durante toda a festa, com uma sele\u00e7\u00e3o musical que abrange diversas \u00e9pocas e estilos, garantindo que todos presentes se divirtam e guardem lembran\u00e7as eternas desse dia especial.<\/p>\n<p>[\/vc_column_text][vc_btn title=&#8221;Saiba mais&#8221; link=&#8221;url:https%3A%2F%2Ffrsomblumenau.com.br%2Fsite%2Fformaturas%2F|||&#8221;][\/vc_column][vc_column width=&#8221;1\/3&#8243;][vc_single_image image=&#8221;780&#8243; img_size=&#8221;full&#8221; style=&#8221;vc_box_rounded&#8221; onclick=&#8221;custom_link&#8221; link=&#8221;https:\/\/frsomblumenau.com.br\/site\/aniversarios-debutantes\/&#8221; title=&#8221;Debutantes&#8221;][vc_column_text]<\/p>\n<p style=\"text-align: justify\">A balada, o jantar, a entrada triunfal da debutante\u2026 Nenhum destes momentos \u00e9 t\u00e3o emocionante em\u00a0uma festa de 15 anos como\u00a0a\u00a0<strong>valsa com o pai<\/strong>. Isto porque \u00e9 durante a dan\u00e7a\u00a0que pai e filha compartilham um momento \u00fanico, que celebra o crescimento da menina e sua transforma\u00e7\u00e3o em mulher.<\/p>\n<p style=\"text-align: justify\">O sonho de toda debutante \u00e9 ver a pista de dan\u00e7a de sua festa bombando a noite toda. Afinal, a balada \u00e9 a parte mais esperada pelos convidados e merece aten\u00e7\u00e3o mais do que especial da aniversariante<\/p>\n<p>[\/vc_column_text][vc_btn title=&#8221;Saiba mais&#8221; link=&#8221;url:https%3A%2F%2Ffrsomblumenau.com.br%2Fsite%2Faniversarios-debutantes%2F|||&#8221;][\/vc_column][\/vc_row][vc_row][vc_column][vc_separator][\/vc_column][\/vc_row][vc_row][vc_column width=&#8221;1\/3&#8243;][vc_single_image image=&#8221;116&#8243; img_size=&#8221;full&#8221; style=&#8221;vc_box_rounded&#8221; onclick=&#8221;custom_link&#8221; link=&#8221;https:\/\/frsomblumenau.com.br\/site\/bodas\/&#8221; title=&#8221;Bodas&#8221;][vc_column_text]<\/p>\n<p style=\"text-align: justify\">Bodas Inesquec\u00edveis com a FR Som e Eventos<\/p>\n<p style=\"text-align: justify\">Celebre o amor de uma maneira verdadeiramente \u00fanica e memor\u00e1vel com a FR Eventos. H\u00e1 mais de uma d\u00e9cada, temos encantado casais em todo o Vale do Itaja\u00ed e em toda Santa Catarina, criando experi\u00eancias inesquec\u00edveis para casamentos especiais. Do planejamento \u00e0 execu\u00e7\u00e3o, estamos comprometidos em transformar o seu grande dia em uma ocasi\u00e3o m\u00e1gica que reflete a sua hist\u00f3ria de amor.\u00a0Sabemos que o seu casamento \u00e9 mais do que apenas um evento, \u00e9 o in\u00edcio de uma nova jornada, um cap\u00edtulo emocionante repleto de momentos preciosos.<\/p>\n<p>[\/vc_column_text][vc_btn title=&#8221;Saiba mais&#8221; link=&#8221;url:https%3A%2F%2Ffrsomblumenau.com.br%2Fsite%2Fbodas%2F|||&#8221;][\/vc_column][vc_column width=&#8221;1\/3&#8243;][vc_single_image image=&#8221;747&#8243; img_size=&#8221;full&#8221; style=&#8221;vc_box_rounded&#8221; onclick=&#8221;custom_link&#8221; link=&#8221;https:\/\/frsomblumenau.com.br\/site\/corporativos\/&#8221; title=&#8221;Corporativos&#8221;][vc_column_text]<\/p>\n<p style=\"text-align: justify\">Transforme Seus Eventos Corporativos em Experi\u00eancias Memor\u00e1veis com a FR Eventos<\/p>\n<p style=\"text-align: justify\">Na FR Eventos, entendemos que cada evento corporativo \u00e9 uma oportunidade valiosa para impulsionar conex\u00f5es, cultivar relacionamentos e impulsionar o crescimento. Com mais de uma d\u00e9cada de experi\u00eancia, somos especialistas em criar projetos personalizados para uma variedade de eventos corporativos, desde confraterniza\u00e7\u00f5es de empresas at\u00e9 conven\u00e7\u00f5es, congressos, palestras, inaugura\u00e7\u00f5es, workshops, semin\u00e1rios, feiras, desfiles e promo\u00e7\u00f5es de produtos e servi\u00e7os.<\/p>\n<p>[\/vc_column_text][vc_btn title=&#8221;Saiba mais&#8221; link=&#8221;url:https%3A%2F%2Ffrsomblumenau.com.br%2Fsite%2Fcorporativos%2F|||&#8221;][\/vc_column][vc_column width=&#8221;1\/3&#8243;][vc_single_image image=&#8221;642&#8243; img_size=&#8221;full&#8221; style=&#8221;vc_box_rounded&#8221; onclick=&#8221;custom_link&#8221; link=&#8221;https:\/\/frsomblumenau.com.br\/site\/tematicos-flash-back\/&#8221; title=&#8221;Flash Back&#8221;][vc_column_text]<\/p>\n<p style=\"text-align: justify\">Reviva os Tempos Dourados com a Festa Tem\u00e1tica Flash Back da FR Som e Eventos<\/p>\n<p style=\"text-align: justify\">Procurando por uma maneira de adicionar um toque de nostalgia e divers\u00e3o \u00e0 sua celebra\u00e7\u00e3o? Convidamos voc\u00ea a embarcar em uma jornada pelo passado com a nossa Festa Tem\u00e1tica Flash Back. Com um vasto repert\u00f3rio de m\u00fasicas e videoclipes que capturam perfeitamente a ess\u00eancia dos anos 60, 70, 80, 90 e 2000, garantimos uma experi\u00eancia imersiva que far\u00e1 com que todos voltem no tempo e revivam os momentos mais memor\u00e1veis de d\u00e9cadas passadas.<\/p>\n<p>[\/vc_column_text][vc_btn title=&#8221;Saiba mais&#8221; link=&#8221;url:https%3A%2F%2Ffrsomblumenau.com.br%2Fsite%2Ftematicos-flash-back%2F|||&#8221;][\/vc_column][\/vc_row][vc_row][vc_column][vc_separator][\/vc_column][\/vc_row][vc_row][vc_column][vc_column_text]<\/p>\n<p style=\"text-align: justify\">H\u00e1 mais de uma d\u00e9cada, a FR Eventos tem sido a for\u00e7a motriz por tr\u00e1s de in\u00fameros momentos memor\u00e1veis. Especializados em casamentos, festas de debutantes, eventos sociais e corporativos, estamos aqui para transformar o seu evento em uma experi\u00eancia \u00fanica e inesquec\u00edvel.<\/p>\n<p style=\"text-align: justify\">O nosso segredo para o sucesso? Comprometimento. Equipamentos de alta tecnologia. DJs profissionais apaixonados. E, claro, a trilha sonora perfeita que cativa a alma. Somos apaixonados por m\u00fasica e sabemos que cada evento \u00e9 \u00fanico. Nossos DJs exclusivos est\u00e3o prontos para criar a trilha sonora dos seus sonhos, com sensibilidade e um toque de bom gosto que \u00e9 nossa marca registrada.<\/p>\n<p style=\"text-align: justify\">Na FR Eventos, n\u00e3o somos apenas especialistas em m\u00fasica &#8211; tamb\u00e9m oferecemos consultoria completa em som e ilumina\u00e7\u00e3o. E se voc\u00ea deseja levar a sua mensagem al\u00e9m, nossos servi\u00e7os de Carro de Som de Rua &#8211; Propaganda Volante est\u00e3o \u00e0 disposi\u00e7\u00e3o.<\/p>\n<p style=\"text-align: justify\">Localizados no cora\u00e7\u00e3o do Vale do Itaja\u00ed, servimos orgulhosamente a regi\u00e3o e outras cidades de Santa Catarina. Entendemos que cada evento \u00e9 uma hist\u00f3ria esperando para ser contada, e estamos aqui para garantir que a sua hist\u00f3ria seja \u00e9pica.<\/p>\n<p style=\"text-align: justify\">Ent\u00e3o, o que voc\u00ea est\u00e1 esperando? Entre em contato conosco agora mesmo para solicitar um or\u00e7amento. Transforme seu evento em algo extraordin\u00e1rio com a FR Eventos. Afinal, a vida \u00e9 feita de momentos especiais &#8211; fa\u00e7a deles uma trilha sonora memor\u00e1vel com a FR.<\/p>\n<p>[\/vc_column_text][\/vc_column][\/vc_row]<\/p>\n","protected":false},"excerpt":{"rendered":"<p>[vc_row][vc_column width=&#8221;1\/3&#8243;][vc_single_image image=&#8221;651&#8243; img_size=&#8221;full&#8221; style=&#8221;vc_box_rounded&#8221; onclick=&#8221;custom_link&#8221; link=&#8221;https:\/\/frsomblumenau.com.br\/site\/casamentos\/&#8221; title=&#8221;Casamento&#8221;][vc_column_text] Nos dias de hoje \u00e9 cada vez mais comum encontrar um profissional DJ para casamento no comando das festas pelo mundo afora, e este fato \u00e9 facilmente explicado. A contrata\u00e7\u00e3o de m\u00fasica mec\u00e2nica torna a festa mais din\u00e2mica e expande o universo musical de forma ilimitada. O&hellip;<\/p>\n","protected":false},"author":1,"featured_media":0,"parent":0,"menu_order":0,"comment_status":"open","ping_status":"closed","template":"","meta":{"_seopress_robots_primary_cat":"","_seopress_titles_title":"","_seopress_titles_desc":"","_seopress_robots_index":"","footnotes":""},"_links":{"self":[{"href":"https:\/\/frsomblumenau.com.br\/site\/wp-json\/wp\/v2\/pages\/41"}],"collection":[{"href":"https:\/\/frsomblumenau.com.br\/site\/wp-json\/wp\/v2\/pages"}],"about":[{"href":"https:\/\/frsomblumenau.com.br\/site\/wp-json\/wp\/v2\/types\/page"}],"author":[{"embeddable":true,"href":"https:\/\/frsomblumenau.com.br\/site\/wp-json\/wp\/v2\/users\/1"}],"replies":[{"embeddable":true,"href":"https:\/\/frsomblumenau.com.br\/site\/wp-json\/wp\/v2\/comments?post=41"}],"version-history":[{"count":19,"href":"https:\/\/frsomblumenau.com.br\/site\/wp-json\/wp\/v2\/pages\/41\/revisions"}],"predecessor-version":[{"id":802,"href":"https:\/\/frsomblumenau.com.br\/site\/wp-json\/wp\/v2\/pages\/41\/revisions\/802"}],"wp:attachment":[{"href":"https:\/\/frsomblumenau.com.br\/site\/wp-json\/wp\/v2\/media?parent=41"}],"curies":[{"name":"wp","href":"https:\/\/api.w.org\/{rel}","templated":true}]}}