{"id":570,"date":"2020-06-19T23:13:15","date_gmt":"2020-06-19T23:13:15","guid":{"rendered":"https:\/\/frsomblumenau.com.br\/site\/?page_id=570"},"modified":"2026-01-06T11:05:51","modified_gmt":"2026-01-06T11:05:51","slug":"transportes","status":"publish","type":"page","link":"https:\/\/frsomblumenau.com.br\/site\/transportes\/","title":{"rendered":"TRANSPORTES"},"content":{"rendered":"<p>[vc_row][vc_column][vc_single_image image=&#8221;776&#8243; img_size=&#8221;full&#8221; alignment=&#8221;center&#8221; style=&#8221;vc_box_rounded&#8221; onclick=&#8221;img_link_large&#8221; css_animation=&#8221;slideInUp&#8221;][vc_column_text css_animation=&#8221;slideInUp&#8221;]<\/p>\n<h3 style=\"text-align: center\">Mudan\u00e7a e Fretes Em Blumenau<\/h3>\n<p>[\/vc_column_text][\/vc_column][\/vc_row][vc_row][vc_column width=&#8221;1\/2&#8243;][vc_column_text css_animation=&#8221;slideInUp&#8221;]<\/p>\n<div class=\"C4eCVc c\">\n<div class=\"ad_cclk\">\n<p class=\"sA5rQ\"><strong>Mudan\u00e7a<span style=\"font-size: 16px\">\u00a0Residencial,\u00a0<\/span>Mudan\u00e7a<span style=\"font-size: 16px\">\u00a0Comercial<\/span><\/strong><\/p>\n<\/div>\n<\/div>\n<p>Transportamos Sua Mudan\u00e7a com Cuidado. Melhor\u00a0Pre\u00e7o de Blumenau<\/p>\n<p style=\"text-align: justify\">Entre em Contato e Confira.<\/p>\n<p>Caminh\u00e3o Grande Garante Conforto e Seguran\u00e7a<\/p>\n<p>Temos Ajudantes Treinados para toda a Mudan\u00e7a. Assim Sua Mudan\u00e7a se Torna R\u00e1pida e Segura.<\/p>\n<p>[\/vc_column_text][vc_column_text]<\/p>\n<h3>SOLICITE OR\u00c7AMENTO AGORA!<\/h3>\n<h4>47 99131-7980 OU 47 3323-0368<\/h4>\n<h6>CONTATO DIRETO:\u00a0<a href=\"mailto:contato@frsomblumenau.com.br\" target=\"_blank\" rel=\"noopener\">CONTATO@FRSOMBLUMENAU.COM.BR<\/a><\/h6>\n<blockquote><p>Responderemos o mais breve poss\u00edvel<\/p><\/blockquote>\n<p>[\/vc_column_text][\/vc_column][vc_column width=&#8221;1\/2&#8243;]<!-- WPForms: no fields, form hidden -->[\/vc_column][\/vc_row][vc_row][vc_column width=&#8221;1\/3&#8243;][vc_single_image image=&#8221;601&#8243; img_size=&#8221;full&#8221; alignment=&#8221;center&#8221; style=&#8221;vc_box_rounded&#8221; onclick=&#8221;img_link_large&#8221; css_animation=&#8221;slideInUp&#8221;][\/vc_column][vc_column width=&#8221;1\/3&#8243;][vc_single_image image=&#8221;600&#8243; img_size=&#8221;full&#8221; alignment=&#8221;center&#8221; style=&#8221;vc_box_rounded&#8221; onclick=&#8221;img_link_large&#8221; css_animation=&#8221;slideInUp&#8221;][\/vc_column][vc_column width=&#8221;1\/3&#8243;][vc_single_image image=&#8221;575&#8243; img_size=&#8221;full&#8221; alignment=&#8221;center&#8221; style=&#8221;vc_box_rounded&#8221; onclick=&#8221;img_link_large&#8221; css_animation=&#8221;slideInUp&#8221;][\/vc_column][\/vc_row][vc_row][vc_column][vc_separator][\/vc_column][\/vc_row][vc_row][vc_column][vc_gmaps link=&#8221;#E-8_JTNDaWZyYW1lJTIwc3JjJTNEJTIyaHR0cHMlM0ElMkYlMkZ3d3cuZ29vZ2xlLmNvbSUyRm1hcHMlMkZlbWJlZCUzRnBiJTNEJTIxMW0xOCUyMTFtMTIlMjExbTMlMjExZDM1NTguMzY3NjY4MTUwMTg4JTIxMmQtNDkuMDc2NDcyNTg0NTQwNTI1JTIxM2QtMjYuODkxODI0MTk4ODExMjUlMjEybTMlMjExZjAlMjEyZjAlMjEzZjAlMjEzbTIlMjExaTEwMjQlMjEyaTc2OCUyMTRmMTMuMSUyMTNtMyUyMTFtMiUyMTFzMHg5NGRmMWYyNDVlMmE1YjA1JTI1M0EweDg0YjgzMzE4OTMxYWU4ZDclMjEyc0ZSJTI1MjBTT00lMjUyMEJMVU1FTkFVJTIxNWUwJTIxM20yJTIxMXNwdC1CUiUyMTJzYnIlMjE0djE1OTAwOTUyODE1NjIlMjE1bTIlMjExc3B0LUJSJTIxMnNiciUyMiUyMHdpZHRoJTNEJTIyMTkyMCUyMiUyMGhlaWdodCUzRCUyMjM1MCUyMiUyMGZyYW1lYm9yZGVyJTNEJTIyMCUyMiUyMHN0eWxlJTNEJTIyYm9yZGVyJTNBMCUzQiUyMiUyMGFsbG93ZnVsbHNjcmVlbiUzRCUyMiUyMiUyMGFyaWEtaGlkZGVuJTNEJTIyZmFsc2UlMjIlMjB0YWJpbmRleCUzRCUyMjAlMjIlM0UlM0MlMkZpZnJhbWUlM0U=&#8221; css_animation=&#8221;slideInUp&#8221;][\/vc_column][\/vc_row]<\/p>\n","protected":false},"excerpt":{"rendered":"<p>[vc_row][vc_column][vc_single_image image=&#8221;776&#8243; img_size=&#8221;full&#8221; alignment=&#8221;center&#8221; style=&#8221;vc_box_rounded&#8221; onclick=&#8221;img_link_large&#8221; css_animation=&#8221;slideInUp&#8221;][vc_column_text css_animation=&#8221;slideInUp&#8221;] Mudan\u00e7a e Fretes Em Blumenau [\/vc_column_text][\/vc_column][\/vc_row][vc_row][vc_column width=&#8221;1\/2&#8243;][vc_column_text css_animation=&#8221;slideInUp&#8221;] Mudan\u00e7a\u00a0Residencial,\u00a0Mudan\u00e7a\u00a0Comercial Transportamos Sua Mudan\u00e7a com Cuidado. Melhor\u00a0Pre\u00e7o de Blumenau Entre em Contato e Confira. Caminh\u00e3o Grande Garante Conforto e Seguran\u00e7a Temos Ajudantes Treinados para toda a Mudan\u00e7a. Assim Sua Mudan\u00e7a se Torna R\u00e1pida e Segura. [\/vc_column_text][vc_column_text] SOLICITE OR\u00c7AMENTO AGORA!&hellip;<\/p>\n","protected":false},"author":1,"featured_media":0,"parent":0,"menu_order":0,"comment_status":"closed","ping_status":"closed","template":"","meta":{"_seopress_robots_primary_cat":"","_seopress_titles_title":"","_seopress_titles_desc":"","_seopress_robots_index":"","footnotes":""},"_links":{"self":[{"href":"https:\/\/frsomblumenau.com.br\/site\/wp-json\/wp\/v2\/pages\/570"}],"collection":[{"href":"https:\/\/frsomblumenau.com.br\/site\/wp-json\/wp\/v2\/pages"}],"about":[{"href":"https:\/\/frsomblumenau.com.br\/site\/wp-json\/wp\/v2\/types\/page"}],"author":[{"embeddable":true,"href":"https:\/\/frsomblumenau.com.br\/site\/wp-json\/wp\/v2\/users\/1"}],"replies":[{"embeddable":true,"href":"https:\/\/frsomblumenau.com.br\/site\/wp-json\/wp\/v2\/comments?post=570"}],"version-history":[{"count":19,"href":"https:\/\/frsomblumenau.com.br\/site\/wp-json\/wp\/v2\/pages\/570\/revisions"}],"predecessor-version":[{"id":778,"href":"https:\/\/frsomblumenau.com.br\/site\/wp-json\/wp\/v2\/pages\/570\/revisions\/778"}],"wp:attachment":[{"href":"https:\/\/frsomblumenau.com.br\/site\/wp-json\/wp\/v2\/media?parent=570"}],"curies":[{"name":"wp","href":"https:\/\/api.w.org\/{rel}","templated":true}]}}